{"id":12,"date":"2024-03-13T07:58:01","date_gmt":"2024-03-13T07:58:01","guid":{"rendered":"https:\/\/igoer.li\/?page_id=12"},"modified":"2025-05-02T07:29:13","modified_gmt":"2025-05-02T07:29:13","slug":"oe9xxv","status":"publish","type":"page","link":"https:\/\/igoer.li\/index.php\/oe9xxv\/","title":{"rendered":"OE9XXV"},"content":{"rendered":"\n<h2 class=\"wp-block-heading has-text-align-center\"><strong>Das Clubcall von Digital Force Vorarlberg<\/strong><\/h2>\n\n\n\n<p><\/p>\n\n\n\n<div class=\"wp-block-buttons is-content-justification-center is-layout-flex wp-container-core-buttons-is-layout-a89b3969 wp-block-buttons-is-layout-flex\">\n<div class=\"wp-block-button\"><a class=\"wp-block-button__link has-vivid-cyan-blue-background-color has-background wp-element-button\" href=\"http:\/\/oe9.org\">Digital ForceVorarlberg<\/a><\/div>\n<\/div>\n\n\n\n<p class=\"has-vivid-red-color has-text-color\"><strong>\u2022  AOEE &#8211; \u00d6sterreichweite Not- und Katastrophen Funk\u00fcbung, Donnerstag, 1.Mai 2025. Dieses Mal in<\/strong> <strong>Dornbirn-Stadt.<\/strong><\/p>\n\n\n\n<p>Am <strong>1.5.25 <\/strong>findet wieder unsere allj\u00e4hrliche Notfunk\u00fcbung statt. Von 07:00 &#8211; 10:00 und von 16:00 &#8211; 19:00 versuchen wir Funkamateure und Organisationen im \u00f6ffentlichen Interesse auf <strong>40m<\/strong> (7-7,2 MHz) und <strong>80m<\/strong> (3,5-3,8 MHz) zu erreichen. Die gearbeiteten Stationen werden mittels einem Logprogramms zum Veranstalter (\u00d6VSV) eingesandt und mit den Eintr\u00e4gen der beteiligten Stationen verglichen. \u00dcbereinstimmende Log\u2018s werden mit Punkten belohnt. Ebenso eine Netzunabhngige Stromquelle, oder Bundesl\u00e4nder, Bezirke, Rotes Kreuz, ORF, Milit\u00e4r und so weiter\u2026Wir<strong> <\/strong>senden von unserem Clubzelt, mit selber gebauten Antennen und mit Batterie bzw Aggregat<strong>. OE9XXV<\/strong> hat 2024 den 33. Platz erreicht, von 152 Teilnehmern in unserer Klasse\/ Kategorie.<\/p>\n\n\n\n<figure class=\"wp-block-image size-full\"><img loading=\"lazy\" decoding=\"async\" width=\"1920\" height=\"2560\" src=\"https:\/\/igoer.li\/wp-content\/uploads\/2025\/05\/IMG_6926-scaled.jpeg\" alt=\"\" class=\"wp-image-471\" srcset=\"https:\/\/igoer.li\/wp-content\/uploads\/2025\/05\/IMG_6926-scaled.jpeg 1920w, https:\/\/igoer.li\/wp-content\/uploads\/2025\/05\/IMG_6926-225x300.jpeg 225w\" sizes=\"auto, (max-width: 1920px) 100vw, 1920px\" \/><\/figure>\n\n\n\n<figure class=\"wp-block-image size-full\"><img loading=\"lazy\" decoding=\"async\" width=\"1920\" height=\"2560\" src=\"https:\/\/igoer.li\/wp-content\/uploads\/2025\/05\/IMG_6920-scaled.jpeg\" alt=\"\" class=\"wp-image-480\" srcset=\"https:\/\/igoer.li\/wp-content\/uploads\/2025\/05\/IMG_6920-scaled.jpeg 1920w, https:\/\/igoer.li\/wp-content\/uploads\/2025\/05\/IMG_6920-225x300.jpeg 225w\" sizes=\"auto, (max-width: 1920px) 100vw, 1920px\" \/><\/figure>\n\n\n\n<figure class=\"wp-block-image size-large\"><img loading=\"lazy\" decoding=\"async\" width=\"1024\" height=\"768\" src=\"https:\/\/igoer.li\/wp-content\/uploads\/2025\/05\/IMG_6922-1024x768.jpeg\" alt=\"\" class=\"wp-image-472\" srcset=\"https:\/\/igoer.li\/wp-content\/uploads\/2025\/05\/IMG_6922-1024x768.jpeg 1024w, https:\/\/igoer.li\/wp-content\/uploads\/2025\/05\/IMG_6922-300x225.jpeg 300w, https:\/\/igoer.li\/wp-content\/uploads\/2025\/05\/IMG_6922-768x576.jpeg 768w, https:\/\/igoer.li\/wp-content\/uploads\/2025\/05\/IMG_6922-1536x1152.jpeg 1536w, https:\/\/igoer.li\/wp-content\/uploads\/2025\/05\/IMG_6922-2048x1536.jpeg 2048w\" sizes=\"auto, (max-width: 1024px) 100vw, 1024px\" \/><\/figure>\n\n\n\n<figure class=\"wp-block-image size-large\"><img loading=\"lazy\" decoding=\"async\" width=\"1024\" height=\"576\" src=\"https:\/\/igoer.li\/wp-content\/uploads\/2025\/05\/B63FAE25-7FB8-4807-927A-C8515BB4B92E-1024x576.jpeg\" alt=\"\" class=\"wp-image-474\" srcset=\"https:\/\/igoer.li\/wp-content\/uploads\/2025\/05\/B63FAE25-7FB8-4807-927A-C8515BB4B92E-1024x576.jpeg 1024w, https:\/\/igoer.li\/wp-content\/uploads\/2025\/05\/B63FAE25-7FB8-4807-927A-C8515BB4B92E-300x169.jpeg 300w, https:\/\/igoer.li\/wp-content\/uploads\/2025\/05\/B63FAE25-7FB8-4807-927A-C8515BB4B92E-768x432.jpeg 768w, https:\/\/igoer.li\/wp-content\/uploads\/2025\/05\/B63FAE25-7FB8-4807-927A-C8515BB4B92E-1536x864.jpeg 1536w, https:\/\/igoer.li\/wp-content\/uploads\/2025\/05\/B63FAE25-7FB8-4807-927A-C8515BB4B92E-2048x1152.jpeg 2048w\" sizes=\"auto, (max-width: 1024px) 100vw, 1024px\" \/><\/figure>\n\n\n\n<figure class=\"wp-block-image size-large\"><img loading=\"lazy\" decoding=\"async\" width=\"627\" height=\"1024\" src=\"https:\/\/igoer.li\/wp-content\/uploads\/2025\/05\/IMG_6935-627x1024.jpeg\" alt=\"\" class=\"wp-image-483\" srcset=\"https:\/\/igoer.li\/wp-content\/uploads\/2025\/05\/IMG_6935-627x1024.jpeg 627w, https:\/\/igoer.li\/wp-content\/uploads\/2025\/05\/IMG_6935-184x300.jpeg 184w, https:\/\/igoer.li\/wp-content\/uploads\/2025\/05\/IMG_6935-768x1255.jpeg 768w, https:\/\/igoer.li\/wp-content\/uploads\/2025\/05\/IMG_6935-940x1536.jpeg 940w, https:\/\/igoer.li\/wp-content\/uploads\/2025\/05\/IMG_6935.jpeg 1125w\" sizes=\"auto, (max-width: 627px) 100vw, 627px\" \/><figcaption class=\"wp-element-caption\">Screenshot<\/figcaption><\/figure>\n\n\n\n<figure class=\"wp-block-image size-large\"><img loading=\"lazy\" decoding=\"async\" width=\"618\" height=\"1024\" src=\"https:\/\/igoer.li\/wp-content\/uploads\/2025\/05\/IMG_6936-618x1024.jpeg\" alt=\"\" class=\"wp-image-485\" srcset=\"https:\/\/igoer.li\/wp-content\/uploads\/2025\/05\/IMG_6936-618x1024.jpeg 618w, https:\/\/igoer.li\/wp-content\/uploads\/2025\/05\/IMG_6936-181x300.jpeg 181w, https:\/\/igoer.li\/wp-content\/uploads\/2025\/05\/IMG_6936-768x1272.jpeg 768w, https:\/\/igoer.li\/wp-content\/uploads\/2025\/05\/IMG_6936-928x1536.jpeg 928w, https:\/\/igoer.li\/wp-content\/uploads\/2025\/05\/IMG_6936.jpeg 1125w\" sizes=\"auto, (max-width: 618px) 100vw, 618px\" \/><figcaption class=\"wp-element-caption\">Screenshot<\/figcaption><\/figure>\n\n\n\n<figure class=\"wp-block-image size-large\"><img loading=\"lazy\" decoding=\"async\" width=\"630\" height=\"1024\" src=\"https:\/\/igoer.li\/wp-content\/uploads\/2025\/05\/IMG_6937-630x1024.jpeg\" alt=\"\" class=\"wp-image-486\" srcset=\"https:\/\/igoer.li\/wp-content\/uploads\/2025\/05\/IMG_6937-630x1024.jpeg 630w, https:\/\/igoer.li\/wp-content\/uploads\/2025\/05\/IMG_6937-184x300.jpeg 184w, https:\/\/igoer.li\/wp-content\/uploads\/2025\/05\/IMG_6937-768x1249.jpeg 768w, https:\/\/igoer.li\/wp-content\/uploads\/2025\/05\/IMG_6937-944x1536.jpeg 944w, https:\/\/igoer.li\/wp-content\/uploads\/2025\/05\/IMG_6937.jpeg 1125w\" sizes=\"auto, (max-width: 630px) 100vw, 630px\" \/><figcaption class=\"wp-element-caption\">Screenshot<\/figcaption><\/figure>\n\n\n\n<p>Herzlichen Dank an alle, die diesen Wettbewerb erst erm\u00f6glicht haben. <br>Insbesondere an Hannes, der uns diesen wunderbaren Ort zur Verf\u00fcgung gestellt und uns vom Feinsten bewirtet hat. Ebenso an Heinz, der seine Notstromversorgung zur Verf\u00fcgung stellte. Dann, wie immer, unser Technikengel Ewald, der sich zum x-ten Male als wahrer Helfer bewiesen hat. <br>Das Wetter war so toll wie schon Jahre nicht mehr. Die funktechnischen bzw atmosph\u00e4rischen Bedingungen waren nicht so prickelnd. Aber wir haben alle zusammen ein wirklich tolles Ergebnis erreicht, auch Dank unserer \u201aSchreih\u00e4lse\u2018 am Mikrofon selbst und on-air.<\/p>\n","protected":false},"excerpt":{"rendered":"<p>Das Clubcall von Digital Force Vorarlberg \u2022 AOEE &#8211; \u00d6sterreichweite Not- und Katastrophen Funk\u00fcbung, Donnerstag, 1.Mai 2025. Dieses Mal in Dornbirn-Stadt. Am 1.5.25 findet wieder unsere allj\u00e4hrliche Notfunk\u00fcbung statt. Von 07:00 &#8211; 10:00 und von 16:00 &#8211; 19:00 versuchen wir Funkamateure und Organisationen im \u00f6ffentlichen Interesse auf 40m (7-7,2 MHz) und 80m (3,5-3,8 MHz) zu [&hellip;]<\/p>\n","protected":false},"author":1,"featured_media":0,"parent":0,"menu_order":0,"comment_status":"closed","ping_status":"closed","template":"","meta":{"footnotes":""},"class_list":["post-12","page","type-page","status-publish","hentry"],"_links":{"self":[{"href":"https:\/\/igoer.li\/index.php\/wp-json\/wp\/v2\/pages\/12","targetHints":{"allow":["GET"]}}],"collection":[{"href":"https:\/\/igoer.li\/index.php\/wp-json\/wp\/v2\/pages"}],"about":[{"href":"https:\/\/igoer.li\/index.php\/wp-json\/wp\/v2\/types\/page"}],"author":[{"embeddable":true,"href":"https:\/\/igoer.li\/index.php\/wp-json\/wp\/v2\/users\/1"}],"replies":[{"embeddable":true,"href":"https:\/\/igoer.li\/index.php\/wp-json\/wp\/v2\/comments?post=12"}],"version-history":[{"count":20,"href":"https:\/\/igoer.li\/index.php\/wp-json\/wp\/v2\/pages\/12\/revisions"}],"predecessor-version":[{"id":487,"href":"https:\/\/igoer.li\/index.php\/wp-json\/wp\/v2\/pages\/12\/revisions\/487"}],"wp:attachment":[{"href":"https:\/\/igoer.li\/index.php\/wp-json\/wp\/v2\/media?parent=12"}],"curies":[{"name":"wp","href":"https:\/\/api.w.org\/{rel}","templated":true}]}}