{"id":514,"date":"2025-12-14T19:43:43","date_gmt":"2025-12-14T19:43:43","guid":{"rendered":"https:\/\/igoer.li\/?page_id=514"},"modified":"2025-12-21T16:04:21","modified_gmt":"2025-12-21T16:04:21","slug":"gebuehrenaufbrummung","status":"publish","type":"page","link":"https:\/\/igoer.li\/index.php\/gebuehrenaufbrummung\/","title":{"rendered":"Geb\u00fchrenaufbrummung"},"content":{"rendered":"\n<p>Das Jahr 2025 wird in die Geschichte eingehen. Und zwar negativ.<\/p>\n\n\n\n<p><\/p>\n\n\n\n<p><\/p>\n\n\n\n<p>Seit Juli 2025 gelten neue Preise zum Erhalt oder Anmeldung eines Call\u2018s. Diese sind astronomisch, f\u00fcr mein Empfinden.<\/p>\n\n\n\n<p>\u2022 Die Rufzeichen sind zeitlich befristet, n\u00e4mlich auf                 zehn Jahre. Hiermit ist OE das einzige Land auf diesem Planet, wo es sowas gibt.<\/p>\n\n\n\n<p>\u2022 Das RZ muss abgemeldet und neu angemeldet werden. Dies zieht eine Einmalgeb\u00fchr von \u20ac200.- im Voraus f\u00fcr zehn Jahre mit sich.<\/p>\n\n\n\n<p>\u2022 Die j\u00e4hrliche Geb\u00fchr bleibt bestehen und wird ebenfalls in Kosten gestellt (Leistungsabh\u00e4ngig).<\/p>\n\n\n\n<p>\u2022 F\u00fcr Clubstationen betr\u00e4gt das \u20ac800.- im Voraus. Selbes Procedere.<\/p>\n\n\n\n<p>\u2022 Sonderrufzeichen kosten \u20ac10.- PRO TAG<\/p>\n\n\n\n<p>\u2022 Sonderrufzeichen f\u00fcr Club\u2018s \u20ac100.- PRO TAG<\/p>\n\n\n\n<p>Da bekommt man doch wirklich Lust zu funken. Oder Not Katastr. Funk zu betreiben.<\/p>\n\n\n\n<p>Warum ausgerechnet quasi \u201aSystemerhalter\u2018 so einer Willk\u00fcr ausgesetzt werden, w\u00e4hrend 1000de Unbefugte das Geld der Staatskassa rausprassen ist mir schleierhaft.<\/p>\n\n\n\n<p>Liebe abgehobene Leute da oben. Es ist endg\u00fcltig genug. Wann werdet ihr das in eurem Selbstrausch merken, das der Gummi \u00fcberdeht ist. <\/p>\n\n\n\n<p>F\u00fcr mich ist das eine geistige und finanzielle Bankrotterkl\u00e4rung. Nicht mehr, nicht weniger\u2026<\/p>\n\n\n\n<p><\/p>\n\n\n\n<p><\/p>\n","protected":false},"excerpt":{"rendered":"<p>Das Jahr 2025 wird in die Geschichte eingehen. Und zwar negativ. Seit Juli 2025 gelten neue Preise zum Erhalt oder Anmeldung eines Call\u2018s. Diese sind astronomisch, f\u00fcr mein Empfinden. \u2022 Die Rufzeichen sind zeitlich befristet, n\u00e4mlich auf zehn Jahre. Hiermit ist OE das einzige Land auf diesem Planet, wo es sowas gibt. \u2022 Das RZ [&hellip;]<\/p>\n","protected":false},"author":1,"featured_media":0,"parent":0,"menu_order":0,"comment_status":"closed","ping_status":"closed","template":"","meta":{"footnotes":""},"class_list":["post-514","page","type-page","status-publish","hentry"],"_links":{"self":[{"href":"https:\/\/igoer.li\/index.php\/wp-json\/wp\/v2\/pages\/514","targetHints":{"allow":["GET"]}}],"collection":[{"href":"https:\/\/igoer.li\/index.php\/wp-json\/wp\/v2\/pages"}],"about":[{"href":"https:\/\/igoer.li\/index.php\/wp-json\/wp\/v2\/types\/page"}],"author":[{"embeddable":true,"href":"https:\/\/igoer.li\/index.php\/wp-json\/wp\/v2\/users\/1"}],"replies":[{"embeddable":true,"href":"https:\/\/igoer.li\/index.php\/wp-json\/wp\/v2\/comments?post=514"}],"version-history":[{"count":2,"href":"https:\/\/igoer.li\/index.php\/wp-json\/wp\/v2\/pages\/514\/revisions"}],"predecessor-version":[{"id":527,"href":"https:\/\/igoer.li\/index.php\/wp-json\/wp\/v2\/pages\/514\/revisions\/527"}],"wp:attachment":[{"href":"https:\/\/igoer.li\/index.php\/wp-json\/wp\/v2\/media?parent=514"}],"curies":[{"name":"wp","href":"https:\/\/api.w.org\/{rel}","templated":true}]}}